{"id":72354,"date":"2025-06-19T11:11:17","date_gmt":"2025-06-19T14:11:17","guid":{"rendered":"https:\/\/staging.summitcarrent.com\/?page_id=72354"},"modified":"2025-06-21T23:23:54","modified_gmt":"2025-06-22T02:23:54","slug":"politicas-de-uso","status":"publish","type":"page","link":"https:\/\/www.summitcarrent.com\/en\/politicas-de-uso\/","title":{"rendered":"Pol\u00edticas de uso"},"content":{"rendered":"<div data-elementor-type=\"wp-page\" data-elementor-id=\"72354\" class=\"elementor elementor-72354\" data-elementor-post-type=\"page\">\n\t\t\t\t<div class=\"elementor-element elementor-element-c848df0 e-flex e-con-boxed e-con e-parent\" data-id=\"c848df0\" data-element_type=\"container\" data-e-type=\"container\" data-settings=\"{&quot;background_background&quot;:&quot;classic&quot;}\">\n\t\t\t\t\t<div class=\"e-con-inner\">\n\t\t\t\t<div class=\"elementor-element elementor-element-1d20ac5 elementor-widget elementor-widget-heading\" data-id=\"1d20ac5\" data-element_type=\"widget\" data-e-type=\"widget\" data-widget_type=\"heading.default\">\n\t\t\t\t<div class=\"elementor-widget-container\">\n\t\t\t\t\t<h1 class=\"elementor-heading-title elementor-size-default\">Pol\u00edticas de uso<\/h1>\t\t\t\t<\/div>\n\t\t\t\t<\/div>\n\t\t\t\t<div class=\"elementor-element elementor-element-8b28f44 elementor-widget elementor-widget-text-editor\" data-id=\"8b28f44\" data-element_type=\"widget\" data-e-type=\"widget\" data-widget_type=\"text-editor.default\">\n\t\t\t\t<div class=\"elementor-widget-container\">\n\t\t\t\t\t\t\t\t\t<p data-start=\"311\" data-end=\"537\">El uso del sitio web de <strong data-start=\"335\" data-end=\"345\">Summit<\/strong> (a partir de ahora denominado <strong data-start=\"376\" data-end=\"385\">Sitio<\/strong>) ofrecido por <strong data-start=\"400\" data-end=\"410\">Summit<\/strong> est\u00e1 condicionado a la aceptaci\u00f3n y conformidad con los presentes <strong data-start=\"477\" data-end=\"510\">T\u00e9rminos y Condiciones de Uso<\/strong>Use of the Summit website (hereinafter referred to as the \u201cSite\u201d) provided by Summit is subject to acceptance and compliance with these Terms and Conditions of Use, described below:<\/p>\n<p data-start=\"539\" data-end=\"764\"><strong data-start=\"539\" data-end=\"547\">1.1.<\/strong> The use of the Site and all information, screens, content, and products, including search mechanisms, as well as all services offered, are subject to the conditions stipulated in this term;<\/p>\n<p data-start=\"766\" data-end=\"982\"><strong data-start=\"766\" data-end=\"774\">1.2.<\/strong> These conditions may be modified without the need for specific prior notice. The modifications will always be available in this document, which users should review regularly;<\/p>\n<p data-start=\"984\" data-end=\"1272\"><strong data-start=\"984\" data-end=\"992\">1.3.<\/strong> This Terms of Use aims to regulate the use by Internet users (hereinafter the \u201cUser\u201d) of the Summit site, accessible at https:\/\/www.summitrentacar.com\/ (or the corresponding active domain); <strong data-start=\"1151\" data-end=\"1161\">Summit<\/strong>, accesible en la direcci\u00f3n electr\u00f3nica <a data-start=\"1201\" data-end=\"1232\" rel=\"noopener\" target=\"_new\" class=\"\" href=\"https:\/\/www.summitrentacar.com\/\">https:\/\/www.summitrentacar.com\/<\/a> (o el dominio vigente correspondiente);<\/p>\n<p data-start=\"1274\" data-end=\"1446\"><strong data-start=\"1274\" data-end=\"1282\">1.4.<\/strong> To freely use the contents and services offered by the Site, the User must carefully read and expressly accept the terms herein;<\/p>\n<p data-start=\"1448\" data-end=\"1654\"><strong data-start=\"1448\" data-end=\"1456\">1.5.<\/strong> Some Site services may be subject to specific regulations (hereinafter \u201cSpecific Terms\u201d) which, as the case may be, may complement, modify or replace this document;<\/p>\n<p data-start=\"1656\" data-end=\"1824\"><strong data-start=\"1656\" data-end=\"1664\">1.6.<\/strong> The Site reserves the right to freely modify, delete and\/or expand this Terms of Use at any time without prior notice;<\/p>\n<p data-start=\"1826\" data-end=\"2030\"><strong data-start=\"1826\" data-end=\"1834\">1.7.<\/strong> The Site offers its services to Users free of charge, except those that, by their nature, are charged by the Site or third parties, as indicated in the Specific Terms;<\/p>\n<p data-start=\"2032\" data-end=\"2310\"><strong data-start=\"2032\" data-end=\"2040\">1.8.<\/strong> Initially, no registration is required to access certain Site services (considered \u201cOpen Services\u201d). However, some services may require prior registration for use (considered \u201cRestricted Services\u201d);<\/p>\n<p data-start=\"2312\" data-end=\"2659\"><strong data-start=\"2312\" data-end=\"2320\">1.9.<\/strong> The User agrees to use the services correctly, only for permitted purposes, and in accordance with these Terms of Use, the Specific Terms, other Site notices or instructions, applicable law, morals, and good customs. The User expressly agrees not to:<\/p>\n<p data-start=\"2661\" data-end=\"2883\">\u2013 access or attempt to access any service or environment by means other than the interface provided by the Site, including automated means, unless expressly authorized by a signed contract;<\/p>\n<p data-start=\"2885\" data-end=\"2987\">\u2013 interfere with or interrupt the functioning of services, servers, or networks connected to the Site;<\/p>\n<p data-start=\"2989\" data-end=\"3144\">\u2013 reproduce, duplicate, copy, sell, resell, or commercialize the Site\u2019s services without express authorization through a signed contract with Summit. <strong data-start=\"3133\" data-end=\"3143\">Summit<\/strong>.<\/p>\n<p data-start=\"3146\" data-end=\"3446\"><strong data-start=\"3146\" data-end=\"3155\">1.10.<\/strong> The User acknowledges sole responsibility for any breach of these terms and obligations, releasing the Site from any liability to third parties and assuming all legal, economic, or other consequences that may arise;<\/p>\n<p data-start=\"3448\" data-end=\"3749\"><strong data-start=\"3448\" data-end=\"3457\">1.11.<\/strong> The User expressly accepts that the use and\/or access to the Site services is under their sole responsibility, recognizing that the services are offered \u201cas is\u201d and subject to availability. The Site does not guarantee that the services will meet the User\u2019s expectations.<\/p>\n<p data-start=\"3751\" data-end=\"3928\"><strong data-start=\"3751\" data-end=\"3760\">1.12.<\/strong> The Site disclaims all liability for any losses, damages, or harm resulting from the unavailability, discontinuity, or usefulness of its services.<\/p>\n<p data-start=\"3930\" data-end=\"4218\"><strong data-start=\"3930\" data-end=\"3939\">1.13.<\/strong> The Site does not control External Pages, and therefore does not guarantee or assume responsibility for: (i) their operation or availability; (ii) services, data, files, or materials offered there; (iii) the quality, legality, reliability, or usefulness of external content.<\/p>\n<p><\/p>\n<p data-start=\"4220\" data-end=\"4464\"><strong data-start=\"4220\" data-end=\"4229\">1.14.<\/strong> These Terms of Use are exclusively governed by the laws of the Argentine Republic (or the country where Summit operates), and any legal dispute must be resolved before the competent courts of that country.<\/p>\t\t\t\t\t\t\t\t<\/div>\n\t\t\t\t<\/div>\n\t\t\t\t\t<\/div>\n\t\t\t\t<\/div>\n\t\t\t\t<\/div>","protected":false},"excerpt":{"rendered":"<p>Pol\u00edticas de uso El uso del sitio web de Summit (a partir de ahora denominado Sitio) ofrecido por Summit est\u00e1 condicionado a la aceptaci\u00f3n y conformidad con los presentes T\u00e9rminos y Condiciones de Uso, descritos a continuaci\u00f3n: 1.1. El uso del Sitio y de toda la informaci\u00f3n, pantallas, contenidos y productos, incluidos los mecanismos de&hellip;<\/p>","protected":false},"author":4,"featured_media":0,"parent":0,"menu_order":0,"comment_status":"closed","ping_status":"closed","template":"elementor_header_footer","meta":{"footnotes":""},"class_list":["post-72354","page","type-page","status-publish","hentry"],"_links":{"self":[{"href":"https:\/\/www.summitcarrent.com\/en\/wp-json\/wp\/v2\/pages\/72354","targetHints":{"allow":["GET"]}}],"collection":[{"href":"https:\/\/www.summitcarrent.com\/en\/wp-json\/wp\/v2\/pages"}],"about":[{"href":"https:\/\/www.summitcarrent.com\/en\/wp-json\/wp\/v2\/types\/page"}],"author":[{"embeddable":true,"href":"https:\/\/www.summitcarrent.com\/en\/wp-json\/wp\/v2\/users\/4"}],"replies":[{"embeddable":true,"href":"https:\/\/www.summitcarrent.com\/en\/wp-json\/wp\/v2\/comments?post=72354"}],"version-history":[{"count":3,"href":"https:\/\/www.summitcarrent.com\/en\/wp-json\/wp\/v2\/pages\/72354\/revisions"}],"predecessor-version":[{"id":72708,"href":"https:\/\/www.summitcarrent.com\/en\/wp-json\/wp\/v2\/pages\/72354\/revisions\/72708"}],"wp:attachment":[{"href":"https:\/\/www.summitcarrent.com\/en\/wp-json\/wp\/v2\/media?parent=72354"}],"curies":[{"name":"wp","href":"https:\/\/api.w.org\/{rel}","templated":true}]}}