{"id":72530,"date":"2025-06-20T00:41:44","date_gmt":"2025-06-20T03:41:44","guid":{"rendered":"https:\/\/staging.summitcarrent.com\/?page_id=72530"},"modified":"2025-07-11T10:38:00","modified_gmt":"2025-07-11T13:38:00","slug":"mis-reservas","status":"publish","type":"page","link":"https:\/\/www.summitcarrent.com\/en\/mis-reservas\/","title":{"rendered":"My bookings"},"content":{"rendered":"<div data-elementor-type=\"wp-page\" data-elementor-id=\"72530\" class=\"elementor elementor-72530\" data-elementor-post-type=\"page\">\n\t\t\t\t<div class=\"elementor-element elementor-element-4215211 e-con-full e-flex e-con e-parent\" data-id=\"4215211\" data-element_type=\"container\" data-e-type=\"container\">\n\t\t<div class=\"elementor-element elementor-element-a745707 e-flex e-con-boxed e-con e-child\" data-id=\"a745707\" data-element_type=\"container\" data-e-type=\"container\">\n\t\t\t\t\t<div class=\"e-con-inner\">\n\t\t\t\t<div class=\"elementor-element elementor-element-e8f028d text-center su-primary elementor-widget elementor-widget-text-editor\" data-id=\"e8f028d\" data-element_type=\"widget\" data-e-type=\"widget\" data-widget_type=\"text-editor.default\">\n\t\t\t\t<div class=\"elementor-widget-container\">\n\t\t\t\t\t\t\t\t\t<h1 class=\"elementor-heading-title elementor-size-default elementor-inline-editing pen\" style=\"margin-bottom: 0px; color: #108770; font-style: normal; font-variant: normal; font-size-adjust: none; font-kerning: auto; font-optical-sizing: auto; font-feature-settings: normal; font-variation-settings: normal; font-weight: bold; font-stretch: normal; font-size: 40px; font-family: Lato, sans-serif; text-transform: none; letter-spacing: normal; word-spacing: 0px; text-decoration: none;\" data-elementor-setting-key=\"title\" data-pen-placeholder=\"Teclea aqu\u00ed...\">My BOOKINGS<\/h1>\t\t\t\t\t\t\t\t<\/div>\n\t\t\t\t<\/div>\n\t\t\t\t<div class=\"elementor-element elementor-element-4a73789 elementor-widget elementor-widget-heading\" data-id=\"4a73789\" data-element_type=\"widget\" data-e-type=\"widget\" data-widget_type=\"heading.default\">\n\t\t\t\t<div class=\"elementor-widget-container\">\n\t\t\t\t\t<h2 class=\"elementor-heading-title elementor-size-default\">Enter your booking number to view details, modify or cancel it quickly and easily.\n\n<\/h2>\t\t\t\t<\/div>\n\t\t\t\t<\/div>\n\t\t<div class=\"elementor-element elementor-element-1c96bd5 e-con-full e-flex e-con e-child\" data-id=\"1c96bd5\" data-element_type=\"container\" data-e-type=\"container\">\n\t\t\t\t<div class=\"elementor-element elementor-element-010e87e elementor-widget elementor-widget-text-editor\" data-id=\"010e87e\" data-element_type=\"widget\" data-e-type=\"widget\" data-widget_type=\"text-editor.default\">\n\t\t\t\t<div class=\"elementor-widget-container\">\n\t\t\t\t\t\t\t\t\t<p><script src=\"https:\/\/summitaa.summitcarrent.com\/public\/car-rental\/integrations\/assets\/integrator\"><\/script><\/p><div class=\"hq-rental-software-integration\" data-integrator_link=\"https:\/\/summitaa.summitcarrent.com\/public\/car-rental\/integrations\" data-brand=\"mfio3b1j-ddvb-0fcl-rtm0-lmfccerwo8ul\" data-snippet=\"my-reservations\" data-skip_language=\"\" data-referral=\"\">\u00a0<\/div>\t\t\t\t\t\t\t\t<\/div>\n\t\t\t\t<\/div>\n\t\t\t\t<\/div>\n\t\t\t\t\t<\/div>\n\t\t\t\t<\/div>\n\t\t\t\t<\/div>\n\t\t\t\t<\/div>","protected":false},"excerpt":{"rendered":"<p>Mis RESERVAS Ingres\u00e1 tu n\u00famero de reserva para ver los detalles, modificarla o cancelarla de manera r\u00e1pida y sencilla. \u00a0<\/p>","protected":false},"author":1,"featured_media":14980,"parent":0,"menu_order":1,"comment_status":"closed","ping_status":"closed","template":"elementor_header_footer","meta":{"footnotes":""},"class_list":["post-72530","page","type-page","status-publish","has-post-thumbnail","hentry"],"_links":{"self":[{"href":"https:\/\/www.summitcarrent.com\/en\/wp-json\/wp\/v2\/pages\/72530","targetHints":{"allow":["GET"]}}],"collection":[{"href":"https:\/\/www.summitcarrent.com\/en\/wp-json\/wp\/v2\/pages"}],"about":[{"href":"https:\/\/www.summitcarrent.com\/en\/wp-json\/wp\/v2\/types\/page"}],"author":[{"embeddable":true,"href":"https:\/\/www.summitcarrent.com\/en\/wp-json\/wp\/v2\/users\/1"}],"replies":[{"embeddable":true,"href":"https:\/\/www.summitcarrent.com\/en\/wp-json\/wp\/v2\/comments?post=72530"}],"version-history":[{"count":3,"href":"https:\/\/www.summitcarrent.com\/en\/wp-json\/wp\/v2\/pages\/72530\/revisions"}],"predecessor-version":[{"id":73918,"href":"https:\/\/www.summitcarrent.com\/en\/wp-json\/wp\/v2\/pages\/72530\/revisions\/73918"}],"wp:featuredmedia":[{"embeddable":true,"href":"https:\/\/www.summitcarrent.com\/en\/wp-json\/wp\/v2\/media\/14980"}],"wp:attachment":[{"href":"https:\/\/www.summitcarrent.com\/en\/wp-json\/wp\/v2\/media?parent=72530"}],"curies":[{"name":"wp","href":"https:\/\/api.w.org\/{rel}","templated":true}]}}