{"id":73369,"date":"2025-06-30T17:27:44","date_gmt":"2025-06-30T20:27:44","guid":{"rendered":"https:\/\/staging.summitcarrent.com\/?page_id=73369"},"modified":"2025-06-30T17:39:51","modified_gmt":"2025-06-30T20:39:51","slug":"landing-page-con-selector-de-ubicacion","status":"publish","type":"page","link":"https:\/\/www.summitcarrent.com\/en\/landing-page-con-selector-de-ubicacion\/","title":{"rendered":"landing page con selector de ubicaci\u00f3n"},"content":{"rendered":"<div data-elementor-type=\"wp-page\" data-elementor-id=\"73369\" class=\"elementor elementor-73369\" data-elementor-post-type=\"page\">\n\t\t\t\t<div class=\"elementor-element elementor-element-9adf74f e-con-full e-flex e-con e-parent\" data-id=\"9adf74f\" data-element_type=\"container\" data-e-type=\"container\">\n\t\t\t\t<div class=\"elementor-element elementor-element-c7fa851 elementor-widget elementor-widget-heading\" data-id=\"c7fa851\" data-element_type=\"widget\" data-e-type=\"widget\" data-widget_type=\"heading.default\">\n\t\t\t\t<div class=\"elementor-widget-container\">\n\t\t\t\t\t<h1 class=\"elementor-heading-title elementor-size-default\">\u00bfD\u00f3nde est\u00e1s ahora?<\/h1>\t\t\t\t<\/div>\n\t\t\t\t<\/div>\n\t\t\t\t<div class=\"elementor-element elementor-element-693a760 elementor-widget elementor-widget-heading\" data-id=\"693a760\" data-element_type=\"widget\" data-e-type=\"widget\" data-widget_type=\"heading.default\">\n\t\t\t\t<div class=\"elementor-widget-container\">\n\t\t\t\t\t<h2 class=\"elementor-heading-title elementor-size-default\">Descubr\u00ed los mejores planes, recomendaciones y secretos del destino que est\u00e1s explorando.<\/h2>\t\t\t\t<\/div>\n\t\t\t\t<\/div>\n\t\t\t\t<\/div>\n\t\t<div class=\"elementor-element elementor-element-ccc2435 e-flex e-con-boxed e-con e-parent\" data-id=\"ccc2435\" data-element_type=\"container\" data-e-type=\"container\">\n\t\t\t\t\t<div class=\"e-con-inner\">\n\t\t\t\t<div class=\"elementor-element elementor-element-e97fc64 elementor-widget elementor-widget-heading\" data-id=\"e97fc64\" data-element_type=\"widget\" data-e-type=\"widget\" data-widget_type=\"heading.default\">\n\t\t\t\t<div class=\"elementor-widget-container\">\n\t\t\t\t\t<h3 class=\"elementor-heading-title elementor-size-default\">Seleccion\u00e1 tu ubicaci\u00f3n para ver contenido exclusivo con lo mejor de cada lugar.<\/h3>\t\t\t\t<\/div>\n\t\t\t\t<\/div>\n\t\t<div class=\"elementor-element elementor-element-e177a4c e-con-full e-flex e-con e-child\" data-id=\"e177a4c\" data-element_type=\"container\" data-e-type=\"container\">\n\t\t\t\t<div class=\"elementor-element elementor-element-04107e3 elementor-widget elementor-widget-the7_button_widget\" data-id=\"04107e3\" data-element_type=\"widget\" data-e-type=\"widget\" data-widget_type=\"the7_button_widget.default\">\n\t\t\t\t<div class=\"elementor-widget-container\">\n\t\t\t\t\t<div class=\"elementor-button-wrapper\"><button class=\"box-button elementor-button elementor-size-lg\">Estoy en Calafate<\/button><\/div>\t\t\t\t<\/div>\n\t\t\t\t<\/div>\n\t\t\t\t<div class=\"elementor-element elementor-element-54a9033 elementor-widget elementor-widget-the7_button_widget\" data-id=\"54a9033\" data-element_type=\"widget\" data-e-type=\"widget\" data-widget_type=\"the7_button_widget.default\">\n\t\t\t\t<div class=\"elementor-widget-container\">\n\t\t\t\t\t<div class=\"elementor-button-wrapper\"><button class=\"box-button elementor-button elementor-size-lg\">Estoy en Bariloche<\/button><\/div>\t\t\t\t<\/div>\n\t\t\t\t<\/div>\n\t\t\t\t<\/div>\n\t\t\t\t\t<\/div>\n\t\t\t\t<\/div>\n\t\t<div class=\"elementor-element elementor-element-c3dcfa1 e-con-full e-flex e-con e-parent\" data-id=\"c3dcfa1\" data-element_type=\"container\" data-e-type=\"container\">\n\t\t\t\t<div class=\"elementor-element elementor-element-49c5910 content-align-left the7-hover-visibility-disabled transform-overlay-yes exceeding-frame-yes elementor-widget elementor-widget-the7-image-widget\" data-id=\"49c5910\" data-element_type=\"widget\" data-e-type=\"widget\" data-settings=\"{&quot;hover_visibility&quot;:&quot;disabled&quot;}\" data-widget_type=\"the7-image-widget.default\">\n\t\t\t\t<div class=\"elementor-widget-container\">\n\t\t\t\t\t<div class=\"the7-image-container\"><div class=\"the7-image-wrapper the7-elementor-widget the7-transform-container\"><div class=\"post-thumbnail-rollover layzr-bg img-css-resize-wrapper\"><img fetchpriority=\"high\" decoding=\"async\" width=\"1919\" height=\"273\" src=\"data:image\/svg+xml,%3Csvg%20xmlns%3D&#039;http%3A%2F%2Fwww.w3.org%2F2000%2Fsvg&#039;%20viewBox%3D&#039;0%200%201919%20273&#039;%2F%3E\" class=\"attachment-full size-full preload-me aspect lazy lazy-load\" alt=\"\" sizes=\"(max-width: 1919px) 100vw, 1919px\" style=\"--ratio: 1919 \/ 273;\" data-src=\"https:\/\/www.summitcarrent.com\/wp-content\/uploads\/2025\/06\/section-division-bottom.png\" loading=\"eager\" data-srcset=\"https:\/\/www.summitcarrent.com\/wp-content\/uploads\/2025\/06\/section-division-bottom.png 1919w, https:\/\/www.summitcarrent.com\/wp-content\/uploads\/2025\/06\/section-division-bottom-300x43.png 300w, https:\/\/www.summitcarrent.com\/wp-content\/uploads\/2025\/06\/section-division-bottom-1024x146.png 1024w, https:\/\/www.summitcarrent.com\/wp-content\/uploads\/2025\/06\/section-division-bottom-768x109.png 768w, https:\/\/www.summitcarrent.com\/wp-content\/uploads\/2025\/06\/section-division-bottom-1536x219.png 1536w, https:\/\/www.summitcarrent.com\/wp-content\/uploads\/2025\/06\/section-division-bottom-18x3.png 18w, https:\/\/www.summitcarrent.com\/wp-content\/uploads\/2025\/06\/section-division-bottom-268x38.png 268w, https:\/\/www.summitcarrent.com\/wp-content\/uploads\/2025\/06\/section-division-bottom-600x85.png 600w\" \/><\/div><\/div><\/div>\t\t\t\t<\/div>\n\t\t\t\t<\/div>\n\t\t\t\t<\/div>\n\t\t\t\t<\/div>","protected":false},"excerpt":{"rendered":"<p>\u00bfD\u00f3nde est\u00e1s ahora? Descubr\u00ed los mejores planes, recomendaciones y secretos del destino que est\u00e1s explorando. Seleccion\u00e1 tu ubicaci\u00f3n para ver contenido exclusivo con lo mejor de cada lugar. Estoy en Calafate Estoy en Bariloche<\/p>","protected":false},"author":4,"featured_media":0,"parent":0,"menu_order":0,"comment_status":"closed","ping_status":"closed","template":"elementor_header_footer","meta":{"footnotes":""},"class_list":["post-73369","page","type-page","status-publish","hentry"],"_links":{"self":[{"href":"https:\/\/www.summitcarrent.com\/en\/wp-json\/wp\/v2\/pages\/73369","targetHints":{"allow":["GET"]}}],"collection":[{"href":"https:\/\/www.summitcarrent.com\/en\/wp-json\/wp\/v2\/pages"}],"about":[{"href":"https:\/\/www.summitcarrent.com\/en\/wp-json\/wp\/v2\/types\/page"}],"author":[{"embeddable":true,"href":"https:\/\/www.summitcarrent.com\/en\/wp-json\/wp\/v2\/users\/4"}],"replies":[{"embeddable":true,"href":"https:\/\/www.summitcarrent.com\/en\/wp-json\/wp\/v2\/comments?post=73369"}],"version-history":[{"count":3,"href":"https:\/\/www.summitcarrent.com\/en\/wp-json\/wp\/v2\/pages\/73369\/revisions"}],"predecessor-version":[{"id":73392,"href":"https:\/\/www.summitcarrent.com\/en\/wp-json\/wp\/v2\/pages\/73369\/revisions\/73392"}],"wp:attachment":[{"href":"https:\/\/www.summitcarrent.com\/en\/wp-json\/wp\/v2\/media?parent=73369"}],"curies":[{"name":"wp","href":"https:\/\/api.w.org\/{rel}","templated":true}]}}