{"id":72354,"date":"2025-06-19T11:11:17","date_gmt":"2025-06-19T14:11:17","guid":{"rendered":"https:\/\/staging.summitcarrent.com\/?page_id=72354"},"modified":"2025-06-21T23:23:54","modified_gmt":"2025-06-22T02:23:54","slug":"politicas-de-uso","status":"publish","type":"page","link":"https:\/\/www.summitcarrent.com\/pt\/politicas-de-uso\/","title":{"rendered":"Pol\u00edticas de uso"},"content":{"rendered":"<div data-elementor-type=\"wp-page\" data-elementor-id=\"72354\" class=\"elementor elementor-72354\" data-elementor-post-type=\"page\">\n\t\t\t\t<div class=\"elementor-element elementor-element-c848df0 e-flex e-con-boxed e-con e-parent\" data-id=\"c848df0\" data-element_type=\"container\" data-e-type=\"container\" data-settings=\"{&quot;background_background&quot;:&quot;classic&quot;}\">\n\t\t\t\t\t<div class=\"e-con-inner\">\n\t\t\t\t<div class=\"elementor-element elementor-element-1d20ac5 elementor-widget elementor-widget-heading\" data-id=\"1d20ac5\" data-element_type=\"widget\" data-e-type=\"widget\" data-widget_type=\"heading.default\">\n\t\t\t\t<div class=\"elementor-widget-container\">\n\t\t\t\t\t<h1 class=\"elementor-heading-title elementor-size-default\">Pol\u00edticas de uso<\/h1>\t\t\t\t<\/div>\n\t\t\t\t<\/div>\n\t\t\t\t<div class=\"elementor-element elementor-element-8b28f44 elementor-widget elementor-widget-text-editor\" data-id=\"8b28f44\" data-element_type=\"widget\" data-e-type=\"widget\" data-widget_type=\"text-editor.default\">\n\t\t\t\t<div class=\"elementor-widget-container\">\n\t\t\t\t\t\t\t\t\t<p data-start=\"311\" data-end=\"537\">El uso del sitio web de <strong data-start=\"335\" data-end=\"345\">Summit<\/strong> (a partir de ahora denominado <strong data-start=\"376\" data-end=\"385\">Sitio<\/strong>) ofrecido por <strong data-start=\"400\" data-end=\"410\">Summit<\/strong> est\u00e1 condicionado a la aceptaci\u00f3n y conformidad con los presentes <strong data-start=\"477\" data-end=\"510\">T\u00e9rminos y Condiciones de Uso<\/strong>O uso do site Summit (doravante denominado \u201cSite\u201d), fornecido pela Summit, est\u00e1 condicionado \u00e0 aceita\u00e7\u00e3o e conformidade com estes Termos e Condi\u00e7\u00f5es de Uso, descritos abaixo:<\/p>\n<p data-start=\"539\" data-end=\"764\"><strong data-start=\"539\" data-end=\"547\">1.1.<\/strong> O uso do Site e de todas as informa\u00e7\u00f5es, telas, conte\u00fados e produtos, incluindo mecanismos de busca, assim como todos os servi\u00e7os oferecidos, est\u00e3o sujeitos \u00e0s condi\u00e7\u00f5es estipuladas neste termo;<\/p>\n<p data-start=\"766\" data-end=\"982\"><strong data-start=\"766\" data-end=\"774\">1.2.<\/strong> Estas condi\u00e7\u00f5es poder\u00e3o ser modificadas sem necessidade de aviso pr\u00e9vio espec\u00edfico. As modifica\u00e7\u00f5es estar\u00e3o sempre dispon\u00edveis neste documento, que dever\u00e1 ser revisado regularmente pelos usu\u00e1rios<\/p>\n<p data-start=\"984\" data-end=\"1272\"><strong data-start=\"984\" data-end=\"992\">1.3.<\/strong> O presente Termo de Uso tem por objetivo regulamentar a utiliza\u00e7\u00e3o, por parte dos usu\u00e1rios da Internet (doravante \u201cUsu\u00e1rio\u201d), do site da Summit, acess\u00edvel no endere\u00e7o eletr\u00f4nico https:\/\/www.summitrentacar.com\/ (ou dom\u00ednio vigente correspondente); <strong data-start=\"1151\" data-end=\"1161\">Summit<\/strong>, accesible en la direcci\u00f3n electr\u00f3nica <a data-start=\"1201\" data-end=\"1232\" rel=\"noopener\" target=\"_new\" class=\"\" href=\"https:\/\/www.summitrentacar.com\/\">https:\/\/www.summitrentacar.com\/<\/a> (o el dominio vigente correspondiente);<\/p>\n<p data-start=\"1274\" data-end=\"1446\"><strong data-start=\"1274\" data-end=\"1282\">1.4.<\/strong> Para utilizar livremente os conte\u00fados e servi\u00e7os oferecidos pelo Site, o Usu\u00e1rio dever\u00e1 ler atentamente e aceitar expressamente os termos aqui dispostos;<\/p>\n<p data-start=\"1448\" data-end=\"1654\"><strong data-start=\"1448\" data-end=\"1456\">1.5.<\/strong> Alguns servi\u00e7os do Site poder\u00e3o estar sujeitos a regulamenta\u00e7\u00f5es espec\u00edficas (doravante \u201cTermos Espec\u00edficos\u201d), que poder\u00e3o complementar, modificar ou substituir este documento, conforme o caso;<\/p>\n<p data-start=\"1656\" data-end=\"1824\"><strong data-start=\"1656\" data-end=\"1664\">1.6.<\/strong> O Site reserva-se o direito de modificar, suprimir e\/ou ampliar livremente, a qualquer momento, sem necessidade de comunica\u00e7\u00e3o pr\u00e9via, este Termo de Uso;<\/p>\n<p data-start=\"1826\" data-end=\"2030\"><strong data-start=\"1826\" data-end=\"1834\">1.7.<\/strong> O Site oferece seus servi\u00e7os gratuitamente aos Usu\u00e1rios, salvo aqueles que, por sua natureza, sejam cobrados pelo Site ou por terceiros, conforme indicado nos Termos Espec\u00edficos;<\/p>\n<p data-start=\"2032\" data-end=\"2310\"><strong data-start=\"2032\" data-end=\"2040\">1.8.<\/strong> Inicialmente, n\u00e3o \u00e9 exigido cadastro para acessar certos servi\u00e7os do Site (considerados \u201cServi\u00e7os Abertos\u201d). Contudo, alguns servi\u00e7os podem requerer cadastro pr\u00e9vio para utiliza\u00e7\u00e3o (considerados \u201cServi\u00e7os Restritos\u201d);<\/p>\n<p data-start=\"2312\" data-end=\"2659\"><strong data-start=\"2312\" data-end=\"2320\">1.9.<\/strong> O Usu\u00e1rio compromete-se a utilizar os servi\u00e7os de forma correta, apenas para os fins permitidos, e em conformidade com este Termo de Uso, os Termos Espec\u00edficos, outros avisos ou instru\u00e7\u00f5es do Site, a legisla\u00e7\u00e3o vigente, a moral e os bons costumes. Al\u00e9m disso, compromete-se expressamente a n\u00e3o:<\/p>\n<p data-start=\"2661\" data-end=\"2883\">\u2013 acessar ou tentar acessar qualquer servi\u00e7o ou ambiente por meios distintos da interface fornecida pelo Site, incluindo meios automatizados, salvo autoriza\u00e7\u00e3o expressa por contrato assinado;<\/p>\n<p data-start=\"2885\" data-end=\"2987\">\u2013 interferir ou interromper o funcionamento dos servi\u00e7os, servidores ou redes conectadas ao Site;<\/p>\n<p data-start=\"2989\" data-end=\"3144\">\u2013 reproduzir, duplicar, copiar, vender, revender ou comercializar os servi\u00e7os do Site sem autoriza\u00e7\u00e3o expressa por contrato assinado com a Summit. <strong data-start=\"3133\" data-end=\"3143\">Summit<\/strong>.<\/p>\n<p data-start=\"3146\" data-end=\"3446\"><strong data-start=\"3146\" data-end=\"3155\">1.10.<\/strong> O Usu\u00e1rio reconhece ser o \u00fanico respons\u00e1vel por qualquer descumprimento destes termos e obriga\u00e7\u00f5es, isentando o Site de qualquer responsabilidade perante terceiros e assumindo as consequ\u00eancias legais, econ\u00f4micas ou de qualquer outra natureza que possam decorrer;<\/p>\n<p data-start=\"3448\" data-end=\"3749\"><strong data-start=\"3448\" data-end=\"3457\">1.11.<\/strong> O Usu\u00e1rio aceita expressamente que o uso e\/ou acesso aos servi\u00e7os do Site \u00e9 feito sob sua exclusiva responsabilidade, reconhecendo que os servi\u00e7os s\u00e3o oferecidos \u201cno estado em que se encontram\u201d e conforme disponibilidade. O Site n\u00e3o garante que os servi\u00e7os atender\u00e3o \u00e0s expectativas do Usu\u00e1rio.<\/p>\n<p data-start=\"3751\" data-end=\"3928\"><strong data-start=\"3751\" data-end=\"3760\">1.12.<\/strong> O Site se exime de toda responsabilidade por eventuais perdas, danos ou preju\u00edzos decorrentes da falta de disponibilidade, continuidade ou utilidade de seus servi\u00e7os.<\/p>\n<p data-start=\"3930\" data-end=\"4218\"><strong data-start=\"3930\" data-end=\"3939\">1.13.<\/strong> O Site n\u00e3o controla as P\u00e1ginas Externas, n\u00e3o garantindo nem assumindo responsabilidade por: (i) seu funcionamento ou disponibilidade; (ii) os servi\u00e7os, dados, arquivos ou materiais oferecidos nestas; (iii) a qualidade, legalidade, confiabilidade ou utilidade do conte\u00fado externo.<\/p>\n<p><\/p>\n<p data-start=\"4220\" data-end=\"4464\"><strong data-start=\"4220\" data-end=\"4229\">1.14.<\/strong> Este Termo de Uso rege-se exclusivamente pelas leis da Rep\u00fablica Argentina (ou do pa\u00eds correspondente onde a Summit opere), e qualquer disputa legal dever\u00e1 ser resolvida perante os tribunais competentes do mesmo pa\u00eds.<\/p>\t\t\t\t\t\t\t\t<\/div>\n\t\t\t\t<\/div>\n\t\t\t\t\t<\/div>\n\t\t\t\t<\/div>\n\t\t\t\t<\/div>","protected":false},"excerpt":{"rendered":"<p>Pol\u00edticas de uso El uso del sitio web de Summit (a partir de ahora denominado Sitio) ofrecido por Summit est\u00e1 condicionado a la aceptaci\u00f3n y conformidad con los presentes T\u00e9rminos y Condiciones de Uso, descritos a continuaci\u00f3n: 1.1. El uso del Sitio y de toda la informaci\u00f3n, pantallas, contenidos y productos, incluidos los mecanismos de&hellip;<\/p>","protected":false},"author":4,"featured_media":0,"parent":0,"menu_order":0,"comment_status":"closed","ping_status":"closed","template":"elementor_header_footer","meta":{"footnotes":""},"class_list":["post-72354","page","type-page","status-publish","hentry"],"_links":{"self":[{"href":"https:\/\/www.summitcarrent.com\/pt\/wp-json\/wp\/v2\/pages\/72354","targetHints":{"allow":["GET"]}}],"collection":[{"href":"https:\/\/www.summitcarrent.com\/pt\/wp-json\/wp\/v2\/pages"}],"about":[{"href":"https:\/\/www.summitcarrent.com\/pt\/wp-json\/wp\/v2\/types\/page"}],"author":[{"embeddable":true,"href":"https:\/\/www.summitcarrent.com\/pt\/wp-json\/wp\/v2\/users\/4"}],"replies":[{"embeddable":true,"href":"https:\/\/www.summitcarrent.com\/pt\/wp-json\/wp\/v2\/comments?post=72354"}],"version-history":[{"count":3,"href":"https:\/\/www.summitcarrent.com\/pt\/wp-json\/wp\/v2\/pages\/72354\/revisions"}],"predecessor-version":[{"id":72708,"href":"https:\/\/www.summitcarrent.com\/pt\/wp-json\/wp\/v2\/pages\/72354\/revisions\/72708"}],"wp:attachment":[{"href":"https:\/\/www.summitcarrent.com\/pt\/wp-json\/wp\/v2\/media?parent=72354"}],"curies":[{"name":"wp","href":"https:\/\/api.w.org\/{rel}","templated":true}]}}