{"id":72500,"date":"2025-06-20T00:00:56","date_gmt":"2025-06-20T03:00:56","guid":{"rendered":"https:\/\/staging.summitcarrent.com\/?page_id=72500"},"modified":"2025-07-11T10:46:10","modified_gmt":"2025-07-11T13:46:10","slug":"la-empresa","status":"publish","type":"page","link":"https:\/\/www.summitcarrent.com\/pt\/la-empresa\/","title":{"rendered":"A empresa"},"content":{"rendered":"<div data-elementor-type=\"wp-page\" data-elementor-id=\"72500\" class=\"elementor elementor-72500\" data-elementor-post-type=\"page\">\n\t\t\t\t<div class=\"elementor-element elementor-element-4215211 e-con-full e-flex e-con e-parent\" data-id=\"4215211\" data-element_type=\"container\" data-e-type=\"container\">\n\t\t<div class=\"elementor-element elementor-element-a745707 e-flex e-con-boxed e-con e-child\" data-id=\"a745707\" data-element_type=\"container\" data-e-type=\"container\">\n\t\t\t\t\t<div class=\"e-con-inner\">\n\t\t\t\t<div class=\"elementor-element elementor-element-e8f028d text-center su-primary elementor-widget elementor-widget-text-editor\" data-id=\"e8f028d\" data-element_type=\"widget\" data-e-type=\"widget\" data-widget_type=\"text-editor.default\">\n\t\t\t\t<div class=\"elementor-widget-container\">\n\t\t\t\t\t\t\t\t\t<h1 class=\"elementor-heading-title elementor-size-default elementor-inline-editing pen\" style=\"margin-bottom: 0px; color: #108770; font-style: normal; font-variant: normal; font-size-adjust: none; font-kerning: auto; font-optical-sizing: auto; font-feature-settings: normal; font-variation-settings: normal; font-weight: bold; font-stretch: normal; font-size: 40px; font-family: Lato, sans-serif; text-transform: none; letter-spacing: normal; word-spacing: 0px; text-decoration: none;\" data-elementor-setting-key=\"title\" data-pen-placeholder=\"Teclea aqu\u00ed...\">La EMPRESA<\/h1>\t\t\t\t\t\t\t\t<\/div>\n\t\t\t\t<\/div>\n\t\t<div class=\"elementor-element elementor-element-5a214d8 e-con-full e-flex e-con e-child\" data-id=\"5a214d8\" data-element_type=\"container\" data-e-type=\"container\">\n\t\t\t\t<div class=\"elementor-element elementor-element-b1aadca elementor-widget elementor-widget-image\" data-id=\"b1aadca\" data-element_type=\"widget\" data-e-type=\"widget\" data-widget_type=\"image.default\">\n\t\t\t\t<div class=\"elementor-widget-container\">\n\t\t\t\t\t\t\t\t\t\t\t\t\t\t\t<img decoding=\"async\" src=\"https:\/\/www.summitcarrent.com\/wp-content\/uploads\/elementor\/thumbs\/DSC6760-r8lrlj7d2qg38t4n8spyj7u3wdxrkyikrh1p5xvvyg.jpg\" title=\"_DSC6760\" alt=\"_DSC6760\" loading=\"lazy\" \/>\t\t\t\t\t\t\t\t\t\t\t\t\t\t\t<\/div>\n\t\t\t\t<\/div>\n\t\t<div class=\"elementor-element elementor-element-11fd2b2 e-con-full e-flex e-con e-child\" data-id=\"11fd2b2\" data-element_type=\"container\" data-e-type=\"container\">\n\t\t\t\t<div class=\"elementor-element elementor-element-0d2ebf9 elementor-widget elementor-widget-image\" data-id=\"0d2ebf9\" data-element_type=\"widget\" data-e-type=\"widget\" data-widget_type=\"image.default\">\n\t\t\t\t<div class=\"elementor-widget-container\">\n\t\t\t\t\t\t\t\t\t\t\t\t\t\t\t<img fetchpriority=\"high\" decoding=\"async\" width=\"462\" height=\"146\" src=\"https:\/\/www.summitcarrent.com\/wp-content\/uploads\/2024\/04\/Recurso-1@3x.png\" class=\"attachment-full size-full wp-image-72022\" alt=\"\" srcset=\"https:\/\/www.summitcarrent.com\/wp-content\/uploads\/2024\/04\/Recurso-1@3x.png 462w, https:\/\/www.summitcarrent.com\/wp-content\/uploads\/2024\/04\/Recurso-1@3x-300x95.png 300w, https:\/\/www.summitcarrent.com\/wp-content\/uploads\/2024\/04\/Recurso-1@3x-18x6.png 18w, https:\/\/www.summitcarrent.com\/wp-content\/uploads\/2024\/04\/Recurso-1@3x-268x85.png 268w\" sizes=\"(max-width: 462px) 100vw, 462px\" \/>\t\t\t\t\t\t\t\t\t\t\t\t\t\t\t<\/div>\n\t\t\t\t<\/div>\n\t\t\t\t<div class=\"elementor-element elementor-element-2ab9834 elementor-widget elementor-widget-text-editor\" data-id=\"2ab9834\" data-element_type=\"widget\" data-e-type=\"widget\" data-widget_type=\"text-editor.default\">\n\t\t\t\t<div class=\"elementor-widget-container\">\n\t\t\t\t\t\t\t\t\t<p data-start=\"227\" data-end=\"367\">Nossa hist\u00f3ria come\u00e7ou com uma vis\u00e3o simples: oferecer aos nossos visitantes uma forma f\u00e1cil e confi\u00e1vel de explorar essas paisagens \u00fanicas.<\/p><p data-start=\"369\" data-end=\"513\">Com base em Bariloche e El Calafate, conhecemos cada canto, cada lago, cada estrada. Porque n\u00e3o alugamos apenas carros: compartilhamos nossa terra.<\/p><p data-start=\"515\" data-end=\"679\">Conectamos pessoas a lugares que inspiram. Com paix\u00e3o pelo atendimento e amor pelo que fazemos, estamos aqui para ajudar voc\u00ea a viver sua pr\u00f3pria aventura patag\u00f4nica.<\/p>\t\t\t\t\t\t\t\t<\/div>\n\t\t\t\t<\/div>\n\t\t\t\t<\/div>\n\t\t\t\t<\/div>\n\t\t\t\t\t<\/div>\n\t\t\t\t<\/div>\n\t\t\t\t<\/div>\n\t\t\t\t<\/div>","protected":false},"excerpt":{"rendered":"<p>La EMPRESA Nuestra historia comenz\u00f3 con una visi\u00f3n simple: ofrecer a quienes nos visitan una forma f\u00e1cil y confiable de recorrer estos paisajes \u00fanicos. Con base en Bariloche y El Calafate, conocemos cada rinc\u00f3n, cada lago, cada camino. Porque no solo alquilamos autos: compartimos nuestra tierra. Conectamos personas con lugares que inspiran. Con pasi\u00f3n por&hellip;<\/p>","protected":false},"author":1,"featured_media":14980,"parent":0,"menu_order":1,"comment_status":"closed","ping_status":"closed","template":"elementor_header_footer","meta":{"footnotes":""},"class_list":["post-72500","page","type-page","status-publish","has-post-thumbnail","hentry"],"_links":{"self":[{"href":"https:\/\/www.summitcarrent.com\/pt\/wp-json\/wp\/v2\/pages\/72500","targetHints":{"allow":["GET"]}}],"collection":[{"href":"https:\/\/www.summitcarrent.com\/pt\/wp-json\/wp\/v2\/pages"}],"about":[{"href":"https:\/\/www.summitcarrent.com\/pt\/wp-json\/wp\/v2\/types\/page"}],"author":[{"embeddable":true,"href":"https:\/\/www.summitcarrent.com\/pt\/wp-json\/wp\/v2\/users\/1"}],"replies":[{"embeddable":true,"href":"https:\/\/www.summitcarrent.com\/pt\/wp-json\/wp\/v2\/comments?post=72500"}],"version-history":[{"count":3,"href":"https:\/\/www.summitcarrent.com\/pt\/wp-json\/wp\/v2\/pages\/72500\/revisions"}],"predecessor-version":[{"id":73940,"href":"https:\/\/www.summitcarrent.com\/pt\/wp-json\/wp\/v2\/pages\/72500\/revisions\/73940"}],"wp:featuredmedia":[{"embeddable":true,"href":"https:\/\/www.summitcarrent.com\/pt\/wp-json\/wp\/v2\/media\/14980"}],"wp:attachment":[{"href":"https:\/\/www.summitcarrent.com\/pt\/wp-json\/wp\/v2\/media?parent=72500"}],"curies":[{"name":"wp","href":"https:\/\/api.w.org\/{rel}","templated":true}]}}